{"id":15,"date":"2025-10-03T17:35:34","date_gmt":"2025-10-03T20:35:34","guid":{"rendered":"https:\/\/vrcsites.com.br\/projetos\/electricx\/?page_id=15"},"modified":"2025-10-03T21:27:52","modified_gmt":"2025-10-04T00:27:52","slug":"sobre-nos","status":"publish","type":"page","link":"https:\/\/electricx.com.br\/index.php\/sobre-nos\/","title":{"rendered":"Sobre N\u00f3s"},"content":{"rendered":"\t\t<div data-elementor-type=\"wp-page\" data-elementor-id=\"15\" class=\"elementor elementor-15\" data-elementor-post-type=\"page\">\n\t\t\t\t<div class=\"elementor-element elementor-element-05a038b e-con-full e-flex e-con e-parent\" data-id=\"05a038b\" data-element_type=\"container\">\n\t\t\t\t<div class=\"elementor-element elementor-element-e1598cc elementor-widget elementor-widget-image\" data-id=\"e1598cc\" data-element_type=\"widget\" data-widget_type=\"image.default\">\n\t\t\t\t\t\t\t\t\t\t\t\t\t\t\t<img fetchpriority=\"high\" decoding=\"async\" width=\"2048\" height=\"1152\" src=\"https:\/\/electricx.com.br\/wp-content\/uploads\/2025\/10\/quem-somos_fachada.webp\" class=\"attachment-full size-full wp-image-204\" alt=\"\" srcset=\"https:\/\/electricx.com.br\/wp-content\/uploads\/2025\/10\/quem-somos_fachada.webp 2048w, https:\/\/electricx.com.br\/wp-content\/uploads\/2025\/10\/quem-somos_fachada-300x169.webp 300w, https:\/\/electricx.com.br\/wp-content\/uploads\/2025\/10\/quem-somos_fachada-1024x576.webp 1024w, https:\/\/electricx.com.br\/wp-content\/uploads\/2025\/10\/quem-somos_fachada-768x432.webp 768w, https:\/\/electricx.com.br\/wp-content\/uploads\/2025\/10\/quem-somos_fachada-1536x864.webp 1536w\" sizes=\"(max-width: 2048px) 100vw, 2048px\" \/>\t\t\t\t\t\t\t\t\t\t\t\t\t\t\t<\/div>\n\t\t\t\t<\/div>\n\t\t<div class=\"elementor-element elementor-element-3a67055 e-flex e-con-boxed e-con e-parent\" data-id=\"3a67055\" data-element_type=\"container\">\n\t\t\t\t\t<div class=\"e-con-inner\">\n\t\t<div class=\"elementor-element elementor-element-cab5b81 e-con-full e-flex e-con e-child\" data-id=\"cab5b81\" data-element_type=\"container\">\n\t\t\t\t<div class=\"elementor-element elementor-element-107464a elementor-widget elementor-widget-heading\" data-id=\"107464a\" data-element_type=\"widget\" data-widget_type=\"heading.default\">\n\t\t\t\t\t<h1 class=\"elementor-heading-title elementor-size-default\">Sobre N\u00f3s<\/h1>\t\t\t\t<\/div>\n\t\t\t\t<div class=\"elementor-element elementor-element-fce6c51 elementor-widget__width-inherit elementor-widget elementor-widget-text-editor\" data-id=\"fce6c51\" data-element_type=\"widget\" data-widget_type=\"text-editor.default\">\n\t\t\t\t\t\t\t\t\t<p>A ELECTRICX se destaca no mercado, trazendo expertise na \u00e1rea de isolantes el\u00e9tricos. Nosso foco \u00e9 oferecer equipamentos de prote\u00e7\u00e3o individual e coletiva de alta qualidade diretamente ao usu\u00e1rio final, proporcionando acesso facilitado aos melhores produtos por meio de vendas diretas.<\/p><p>Com parcerias estrat\u00e9gicas s\u00f3lidas, garantimos excel\u00eancia a pre\u00e7os competitivos, al\u00e9m de um suporte t\u00e9cnico especializado para cada linha do nosso cat\u00e1logo.<\/p><p>Al\u00e9m do compromisso com a seguran\u00e7a por meio de equipamentos, a ELECTRICX investe no desenvolvimento profissional, oferecendo cursos reconhecidos em seguran\u00e7a, como NR10, SEP, NR06 e NR35, contribuindo para a capacita\u00e7\u00e3o dos profissionais e promovendo ambientes de trabalho mais seguros e eficientes.<\/p>\t\t\t\t\t\t\t\t<\/div>\n\t\t\t\t<\/div>\n\t\t\t\t\t<\/div>\n\t\t\t\t<\/div>\n\t\t\t\t<\/div>\n\t\t","protected":false},"excerpt":{"rendered":"<p>Sobre N\u00f3s A ELECTRICX se destaca no mercado, trazendo expertise na \u00e1rea de isolantes el\u00e9tricos. Nosso foco \u00e9 oferecer equipamentos de prote\u00e7\u00e3o individual e coletiva de alta qualidade diretamente ao usu\u00e1rio final, proporcionando acesso facilitado aos melhores produtos por meio de vendas diretas. Com parcerias estrat\u00e9gicas s\u00f3lidas, garantimos excel\u00eancia a pre\u00e7os competitivos, al\u00e9m de um [&hellip;]<\/p>\n","protected":false},"author":1,"featured_media":0,"parent":0,"menu_order":0,"comment_status":"closed","ping_status":"closed","template":"","meta":{"_acf_changed":false,"footnotes":""},"class_list":["post-15","page","type-page","status-publish","hentry"],"acf":[],"_links":{"self":[{"href":"https:\/\/electricx.com.br\/index.php\/wp-json\/wp\/v2\/pages\/15","targetHints":{"allow":["GET"]}}],"collection":[{"href":"https:\/\/electricx.com.br\/index.php\/wp-json\/wp\/v2\/pages"}],"about":[{"href":"https:\/\/electricx.com.br\/index.php\/wp-json\/wp\/v2\/types\/page"}],"author":[{"embeddable":true,"href":"https:\/\/electricx.com.br\/index.php\/wp-json\/wp\/v2\/users\/1"}],"replies":[{"embeddable":true,"href":"https:\/\/electricx.com.br\/index.php\/wp-json\/wp\/v2\/comments?post=15"}],"version-history":[{"count":10,"href":"https:\/\/electricx.com.br\/index.php\/wp-json\/wp\/v2\/pages\/15\/revisions"}],"predecessor-version":[{"id":259,"href":"https:\/\/electricx.com.br\/index.php\/wp-json\/wp\/v2\/pages\/15\/revisions\/259"}],"wp:attachment":[{"href":"https:\/\/electricx.com.br\/index.php\/wp-json\/wp\/v2\/media?parent=15"}],"curies":[{"name":"wp","href":"https:\/\/api.w.org\/{rel}","templated":true}]}}